{"id":247,"date":"2009-06-28T18:48:11","date_gmt":"2009-06-28T16:48:11","guid":{"rendered":"http:\/\/www.zabawki.org\/?page_id=247"},"modified":"2009-06-28T18:48:11","modified_gmt":"2009-06-28T16:48:11","slug":"o-nas","status":"publish","type":"page","link":"http:\/\/www.zabawki.org\/index.php\/o-nas\/","title":{"rendered":"O nas"},"content":{"rendered":"<p><strong>Zabawki.org<\/strong> to wirtualny przewodnik dla rodzic\u00f3w, kt\u00f3rzy w trosce o swoje pociechy szukaj\u0105 bezpiecznych zabawek, kt\u00f3re zapewni\u0105 prawid\u0142owy rozw\u00f3j ich dzieci. B\u0119dziemy przedstawia\u0107 najciekawsze zabawki, kt\u00f3re ucz\u0105, bawi\u0105 i rozweselaj\u0105 Wasze dzieci a jednocze\u015bnie wspomagaj\u0105 ich rozw\u00f3j. Wszyscy rodzice pragn\u0105 dla swojego dziecka jak najlepszej przysz\u0142o\u015bci. Wybieraj\u0105 im przedszkola, planuj\u0105 im przed studia, jednym s\u0142owem organizuj\u0105 \u017cycie dziecka, na kt\u00f3re w odleg\u0142ej przysz\u0142o\u015bci nie b\u0119d\u0105 mieli du\u017cego wp\u0142ywu. Niewielu rodzic\u00f3w u\u015bwiadamia sobie, \u017ce na osi\u0105gni\u0119cia swojego dziecka najwi\u0119kszy wp\u0142yw maj\u0105 w pierwszych lata jego \u017cycia. Zabawki jakimi si\u0119 bawi, wsp\u00f3lny czas po\u015bwi\u0119cony na zabaw\u0119 czy wsp\u00f3lne rozwijanie umiej\u0119tno\u015bci, kt\u00f3re w przysz\u0142o\u015bci zadecyduj\u0105 o jego \u017cyciowym sukcesie. Istotn\u0105 rol\u0119 w wychowaniu zdolnego dziecka odgrywaj\u0105 odpowiednio dobrane do jego wieku i mo\u017cliwo\u015bci percepcyjnych zabawki.<\/p>\n<p>Sklepowe p\u00f3\u0142ki uginaj\u0105 si\u0119 pod ci\u0119\u017carem zabawek, a producenci prze\u015bcigaj\u0105 si\u0119 w wymy\u015blaniu coraz to nowych zabawek albo udoskonalaniu tych istniej\u0105cych. Wytw\u00f3rcy ju\u017c na etapie projektowania zabawki maj\u0105 obowi\u0105zek zatroszczy\u0107 si\u0119, aby by\u0142a ona dla dziecka odpowiednia, czyli uwzgl\u0119dnia\u0142a jego wiek, typowe zachowania, innymi s\u0142owy to co maluch w okre\u015blonych wieku mo\u017ce z dan\u0105 zabawk\u0105 zrobi\u0107. Ka\u017cda zabawka z za\u0142o\u017cenia powinna dawa\u0107 dziecku rado\u015b\u0107, przynosi\u0107 wiele innych korzy\u015bci, a nie szkodzi\u0107. To wszystko le\u017cy po stronie producent\u00f3w, jednak dba\u0107 o to powinni r\u00f3wnie\u017c sprzedawcy i rodzice. I tych w\u0142a\u015bnie trudnych wyborach postaramy si\u0119 Wam pom\u00f3c.<\/p>\n<p>Nie zawsze najdro\u017csze zabawki s\u0105 najlepsze!<br \/>\nZapraszamy producent\u00f3w i dystrybutor\u00f3w do wsp\u00f3\u0142pracy<br \/>\nredakcja@zabawki.org<\/p>\n","protected":false},"excerpt":{"rendered":"<p>Zabawki.org to wirtualny przewodnik dla rodzic\u00f3w, kt\u00f3rzy w trosce o swoje pociechy szukaj\u0105 bezpiecznych zabawek, kt\u00f3re zapewni\u0105 prawid\u0142owy rozw\u00f3j ich dzieci. B\u0119dziemy przedstawia\u0107 najciekawsze zabawki, kt\u00f3re ucz\u0105, bawi\u0105 i rozweselaj\u0105 Wasze dzieci a jednocze\u015bnie wspomagaj\u0105 ich rozw\u00f3j. Wszyscy rodzice pragn\u0105 dla swojego dziecka jak najlepszej przysz\u0142o\u015bci. Wybieraj\u0105 im przedszkola, planuj\u0105 im przed studia, jednym s\u0142owem [&hellip;]<\/p>\n","protected":false},"author":1,"featured_media":0,"parent":0,"menu_order":0,"comment_status":"closed","ping_status":"closed","template":"","meta":{"footnotes":""},"class_list":["post-247","page","type-page","status-publish","hentry"],"_links":{"self":[{"href":"http:\/\/www.zabawki.org\/index.php\/wp-json\/wp\/v2\/pages\/247","targetHints":{"allow":["GET"]}}],"collection":[{"href":"http:\/\/www.zabawki.org\/index.php\/wp-json\/wp\/v2\/pages"}],"about":[{"href":"http:\/\/www.zabawki.org\/index.php\/wp-json\/wp\/v2\/types\/page"}],"author":[{"embeddable":true,"href":"http:\/\/www.zabawki.org\/index.php\/wp-json\/wp\/v2\/users\/1"}],"replies":[{"embeddable":true,"href":"http:\/\/www.zabawki.org\/index.php\/wp-json\/wp\/v2\/comments?post=247"}],"version-history":[{"count":6,"href":"http:\/\/www.zabawki.org\/index.php\/wp-json\/wp\/v2\/pages\/247\/revisions"}],"predecessor-version":[{"id":253,"href":"http:\/\/www.zabawki.org\/index.php\/wp-json\/wp\/v2\/pages\/247\/revisions\/253"}],"wp:attachment":[{"href":"http:\/\/www.zabawki.org\/index.php\/wp-json\/wp\/v2\/media?parent=247"}],"curies":[{"name":"wp","href":"https:\/\/api.w.org\/{rel}","templated":true}]}}