{"id":501,"date":"2010-04-08T23:20:58","date_gmt":"2010-04-08T21:20:58","guid":{"rendered":"http:\/\/www.zabawki.org\/?page_id=501"},"modified":"2011-04-25T19:25:18","modified_gmt":"2011-04-25T17:25:18","slug":"polecamy-zabawki","status":"publish","type":"page","link":"http:\/\/www.zabawki.org\/index.php\/polecamy-zabawki\/","title":{"rendered":"Polecamy zabawki"},"content":{"rendered":"<p>Maj\u0105c na uwadze, du\u017c\u0105 ilo\u015b\u0107 producent\u00f3w, dystrybutor\u00f3w i sklep\u00f3w z zabawkami dost\u0119pnych w internecie, zdecydowali\u015bmy si\u0119 zaproponowa\u0107 Pa\u0144stwu obejrzenie wymienionych poni\u017cej stron, kt\u00f3re uznali\u015bmy za godne polecania. Staramy si\u0119 dostarczy\u0107 wiarygodne informacje i wskaza\u0107 zabawki i sprzedawc\u00f3w, kt\u00f3rzy spe\u0142ni\u0105 Pa\u0144stwa oczekiwania a kontakt z nimi utwierdzi Pa\u0144stwa w opinii, \u017ce warto robi\u0107 zakupy w sieci.<\/p>\n<p>Nie zawsze najdro\u017csze zabawki s\u0105 najlepsze!<br \/>\nZapraszamy producent\u00f3w i dystrybutor\u00f3w do wsp\u00f3\u0142pracy<br \/>\nredakcja@zabawki.org<\/p>\n<p><BR><BR><center><br \/>\n<a href=\"http:\/\/www.e-mama.pl\/index.php?k4,zabawki\" target=\"_blank\"><\/p>\n<h2>Zabawki<\/h2>\n<p><\/a> sklep internetowy zabawkami dla dzieci i niemowl\u0105t, odzie\u017c\u0105 ci\u0105\u017cow\u0105, akcesoriami dla mamy i dziecka<\/p>\n<p><BR><BR><br \/>\n<a target=\"_blank\" href=\"http:\/\/www.zabawki.info.pl\"><\/p>\n<h2>Zabawki Maluszka<\/h2>\n<p><\/a> sklep internetowy z markowymi zabawkami dla dzieci i niemowl\u0105t.<\/p>\n<p><BR><BR><br \/>\n<a target=\"_blank\" href=\"http:\/\/www.tomica.pl\"><\/p>\n<h2>Zabawki Tomica<\/h2>\n<p><\/a> \u015awiat TOMY Tomica to nieograniczone mo\u017cliwo\u015bci rozbudowy. Wspania\u0142a zabawa poprzez budow\u0119 w\u0142asnego miasta: dr\u00f3g, budynk\u00f3w a przede wszyskim wspania\u0142ych kombincji tras kolejowych i samodzielnie poruszaj\u0105cych si\u0119 po nich poci\u0105g\u00f3w.<\/p>\n<p><BR><BR><br \/>\n<a target=\"_blank\" href=\"http:\/\/www.brightstarts.com.pl\"><\/p>\n<h2>Bright Starts<\/h2>\n<p><\/a> Prze\u015bliczne hu\u015btawki i le\u017caczki dla najm\u0142odszych od 0+. Grzechoki, maskotki, zabawki do wody oraz stoliki zabaw i centra edykacyne.<\/center><\/p>\n","protected":false},"excerpt":{"rendered":"<p>Maj\u0105c na uwadze, du\u017c\u0105 ilo\u015b\u0107 producent\u00f3w, dystrybutor\u00f3w i sklep\u00f3w z zabawkami dost\u0119pnych w internecie, zdecydowali\u015bmy si\u0119 zaproponowa\u0107 Pa\u0144stwu obejrzenie wymienionych poni\u017cej stron, kt\u00f3re uznali\u015bmy za godne polecania. Staramy si\u0119 dostarczy\u0107 wiarygodne informacje i wskaza\u0107 zabawki i sprzedawc\u00f3w, kt\u00f3rzy spe\u0142ni\u0105 Pa\u0144stwa oczekiwania a kontakt z nimi utwierdzi Pa\u0144stwa w opinii, \u017ce warto robi\u0107 zakupy w sieci. [&hellip;]<\/p>\n","protected":false},"author":1,"featured_media":0,"parent":0,"menu_order":0,"comment_status":"closed","ping_status":"closed","template":"","meta":{"footnotes":""},"class_list":["post-501","page","type-page","status-publish","hentry"],"_links":{"self":[{"href":"http:\/\/www.zabawki.org\/index.php\/wp-json\/wp\/v2\/pages\/501","targetHints":{"allow":["GET"]}}],"collection":[{"href":"http:\/\/www.zabawki.org\/index.php\/wp-json\/wp\/v2\/pages"}],"about":[{"href":"http:\/\/www.zabawki.org\/index.php\/wp-json\/wp\/v2\/types\/page"}],"author":[{"embeddable":true,"href":"http:\/\/www.zabawki.org\/index.php\/wp-json\/wp\/v2\/users\/1"}],"replies":[{"embeddable":true,"href":"http:\/\/www.zabawki.org\/index.php\/wp-json\/wp\/v2\/comments?post=501"}],"version-history":[{"count":14,"href":"http:\/\/www.zabawki.org\/index.php\/wp-json\/wp\/v2\/pages\/501\/revisions"}],"predecessor-version":[{"id":504,"href":"http:\/\/www.zabawki.org\/index.php\/wp-json\/wp\/v2\/pages\/501\/revisions\/504"}],"wp:attachment":[{"href":"http:\/\/www.zabawki.org\/index.php\/wp-json\/wp\/v2\/media?parent=501"}],"curies":[{"name":"wp","href":"https:\/\/api.w.org\/{rel}","templated":true}]}}